{"id":11788,"date":"2024-07-23T09:56:58","date_gmt":"2024-07-23T09:56:58","guid":{"rendered":"https:\/\/imageaccess.de\/?page_id=11788"},"modified":"2025-12-11T12:22:57","modified_gmt":"2025-12-11T12:22:57","slug":"distributor-search","status":"publish","type":"page","link":"https:\/\/imageaccess.de\/de\/distributor-search\/","title":{"rendered":"Search for Distributor"},"content":{"rendered":"<p>[et_pb_section fb_built=&#8221;1&#8243; admin_label=&#8221;Breadcrumbs Section&#8221; _builder_version=&#8221;4.24.0&#8243; _module_preset=&#8221;default&#8221; background_color=&#8221;#F6F6F6&#8243; custom_padding=&#8221;0px||0px||true|false&#8221; sticky_position=&#8221;top&#8221; locked=&#8221;off&#8221; global_colors_info=&#8221;{}&#8221;][et_pb_row _builder_version=&#8221;4.24.0&#8243; _module_preset=&#8221;43d83f0e-1966-4487-8381-e55f4dcac5ed&#8221; global_colors_info=&#8221;{}&#8221;][et_pb_column type=&#8221;4_4&#8243; _builder_version=&#8221;4.24.0&#8243; _module_preset=&#8221;default&#8221; global_colors_info=&#8221;{}&#8221;][dipi_breadcrumbs bc_custom_home=&#8221;on&#8221; bc_home_text=&#8221;Home&#8221; bc_home_url=&#8221;https:\/\/imageaccess.de\/&#8221; bc_separator_icon=&#8221;&#x39;||divi||400&#8243; _builder_version=&#8221;4.27.4&#8243; _module_preset=&#8221;default&#8221; locked=&#8221;off&#8221; global_colors_info=&#8221;{}&#8221;][\/dipi_breadcrumbs][\/et_pb_column][\/et_pb_row][\/et_pb_section][et_pb_section fb_built=&#8221;1&#8243; _builder_version=&#8221;4.27.0&#8243; _module_preset=&#8221;default&#8221; global_colors_info=&#8221;{}&#8221;][et_pb_row _builder_version=&#8221;4.27.0&#8243; _module_preset=&#8221;default&#8221; global_colors_info=&#8221;{}&#8221;][et_pb_column type=&#8221;4_4&#8243; _builder_version=&#8221;4.27.0&#8243; _module_preset=&#8221;default&#8221; global_colors_info=&#8221;{}&#8221;][et_pb_blurb title=&#8221;Where to buy an Image Access product&#8221; _builder_version=&#8221;4.27.0&#8243; _module_preset=&#8221;517e17ef-5f04-43ef-bec4-4bc5653f735c&#8221; custom_margin=&#8221;||||false|false&#8221; custom_padding=&#8221;0px||||false|false&#8221; global_colors_info=&#8221;{}&#8221;]<\/p>\n<p>Looking for where to buy an Image Access product &#8212; a scanner or service?<\/p>\n<p>Image Access has fully qualified distributors and sales representatives all over the world. If you are looking for a local dealer or need to talk to a qualified representative, select the regionor country to find a local contact.<\/p>\n<p>If you do not find a contact in your country, please send us an information by our <a href=\"http:\/\/imageaccess.de\/contact\/\" title=\"Contact form\">contact form<\/a> and we will get you in touch with someone who can help you.<\/p>\n<p>[\/et_pb_blurb][et_pb_button button_url=&#8221;@ET-DC@eyJkeW5hbWljIjp0cnVlLCJjb250ZW50IjoicG9zdF9saW5rX3VybF9wYWdlIiwic2V0dGluZ3MiOnsicG9zdF9pZCI6IjE5In19@&#8221; button_text=&#8221;Get quote&#8221; module_id=&#8221;product-gallery-view-button&#8221; _builder_version=&#8221;4.27.0&#8243; _dynamic_attributes=&#8221;button_url&#8221; _module_preset=&#8221;84bf35b4-3c5f-4df8-ba20-1cf0220d859e&#8221; locked=&#8221;off&#8221; global_colors_info=&#8221;{}&#8221;][\/et_pb_button][\/et_pb_column][\/et_pb_row][\/et_pb_section][et_pb_section fb_built=&#8221;1&#8243; _builder_version=&#8221;4.27.4&#8243; _module_preset=&#8221;default&#8221; global_colors_info=&#8221;{}&#8221;][et_pb_row _builder_version=&#8221;4.27.4&#8243; _module_preset=&#8221;default&#8221; custom_padding=&#8221;0px|0px|0px|0px|false|false&#8221; global_colors_info=&#8221;{}&#8221;][et_pb_column type=&#8221;4_4&#8243; _builder_version=&#8221;4.27.0&#8243; _module_preset=&#8221;default&#8221; global_colors_info=&#8221;{}&#8221;][et_pb_code _builder_version=&#8221;4.27.4&#8243; _module_preset=&#8221;default&#8221; width=&#8221;100%&#8221; max_width=&#8221;100%&#8221; min_height_tablet=&#8221;&#8221; min_height_phone=&#8221;&#8221; min_height_last_edited=&#8221;on|phone&#8221; global_colors_info=&#8221;{}&#8221;]<div class=\"map_wrapper\" id=\"map_wrapper_11974\">\n<div class=\"map_box\" style=\"max-width:5000px\"><div ><ul data-base-map-id=\"11974\" id=\"igm-live-filter-11974\" class=\"igm-live-filter\" data-keep-base-map=\"\"><li data-map-id=\"11974\" class=\"igm-live-filter-active\">All<\/li><li class=\"\" data-map-id=\"11978\">Europe<\/li><li class=\"\" data-map-id=\"11981\">Asia<\/li><li class=\"\" data-map-id=\"12065\">North America<\/li><li class=\"\" data-map-id=\"12064\">Central America<\/li><li class=\"\" data-map-id=\"12061\">South America<\/li><li class=\"\" data-map-id=\"11977\">Africa<\/li><li class=\"\" data-map-id=\"12059\">Oceania<\/li><li class=\"\" data-map-id=\"12060\">Middle East<\/li><\/ul><\/div>\n<div class=\"map_aspect_ratio\" style=\"padding-top:56%\" data-padding-top=\"56%\" data-padding-top-mobile=\"0%\">\n<div class=\"map_container\">\n<div class=\"map_render map_loading\" id=\"map_11974\"><\/div>\n<\/div>\n<\/div>\n<\/div>\n<\/div>[\/et_pb_code][\/et_pb_column][\/et_pb_row][\/et_pb_section]<\/p>\n","protected":false},"excerpt":{"rendered":"<p><div class=\"et_pb_module dipi_breadcrumbs dipi_breadcrumbs_0\">\n\t\t\t\t\n\t\t\t\t\n\t\t\t\t\n\t\t\t\t\n\t\t\t\t\n\t\t\t\t\n\t\t\t\t<div class=\"et_pb_module_inner\">\n\t\t\t\t\t<div class=\"dipi-breadcrumbs dipi-bc-left\">\n                <ul >\n                    \n                                                        <li  class=\"dipi-breadcrumb-item dipi-breadcrumb-home\">\n\n                        \n                            <a  href=\"https:\/\/imageaccess.de\/\">\n                                <span  content=\"Home\">\n                                                                        Home                                <\/span>\n                            <\/a>\n\n                                                <meta itemprop=\"position\" content=\"1\"\/>                    <\/li>\n\n                    <li class=\"dipi-breadcrumb-separator\">\n                    <span class=\"et-pb-icon dipi-separator-icon\">&#x39;<\/span>\n                <\/li>                            \n                <\/ul>\n            <\/div>\n\t\t\t\t<\/div>\n\t\t\t<\/div>Looking for where to buy an Image Access product &#8212; a scanner or service? Image Access has fully qualified distributors and sales representatives all over the world. If you are looking for a local dealer or need to talk to a qualified representative, select the regionor country [&hellip;]<\/p>\n","protected":false},"author":2,"featured_media":0,"parent":0,"menu_order":0,"comment_status":"closed","ping_status":"closed","template":"","meta":{"_et_pb_use_builder":"on","_et_pb_old_content":"","_et_gb_content_width":"","footnotes":""},"dipi_cpt_category":[68,72,66,70],"class_list":["post-11788","page","type-page","status-publish","hentry","dipi_cpt_category-draft","dipi_cpt_category-published","dipi_cpt_category-review","dipi_cpt_category-reviewed"],"yoast_head":"<!-- This site is optimized with the Yoast SEO Premium plugin v27.2 (Yoast SEO v27.2) - https:\/\/yoast.com\/product\/yoast-seo-premium-wordpress\/ -->\n<title>Distributor Search \u2013 Authorized Partners | Image Access<\/title>\n<meta name=\"description\" content=\"Use our global distributor search to locate authorized dealers and representatives for Image Access products near you.\" \/>\n<meta name=\"robots\" content=\"index, follow, max-snippet:-1, max-image-preview:large, max-video-preview:-1\" \/>\n<link rel=\"canonical\" href=\"https:\/\/imageaccess.de\/de\/distributor-search\/\" \/>\n<meta property=\"og:locale\" content=\"de_DE\" \/>\n<meta property=\"og:type\" content=\"article\" \/>\n<meta property=\"og:title\" content=\"Search for Distributor\" \/>\n<meta property=\"og:description\" content=\"Use our global distributor search to locate authorized dealers and representatives for Image Access products near you.\" \/>\n<meta property=\"og:url\" content=\"https:\/\/imageaccess.de\/de\/distributor-search\/\" \/>\n<meta property=\"og:site_name\" content=\"Image Access GmbH\" \/>\n<meta property=\"article:publisher\" content=\"https:\/\/www.facebook.com\/ImageAccessScanners\/\" \/>\n<meta property=\"article:modified_time\" content=\"2025-12-11T12:22:57+00:00\" \/>\n<meta property=\"og:image\" content=\"https:\/\/imageaccess.de\/wp-content\/uploads\/Logo_ImageAccess.png\" \/>\n\t<meta property=\"og:image:width\" content=\"108\" \/>\n\t<meta property=\"og:image:height\" content=\"59\" \/>\n\t<meta property=\"og:image:type\" content=\"image\/png\" \/>\n<meta name=\"twitter:card\" content=\"summary_large_image\" \/>\n<meta name=\"twitter:label1\" content=\"Gesch\u00e4tzte Lesezeit\" \/>\n\t<meta name=\"twitter:data1\" content=\"1\u00a0Minute\" \/>\n<script type=\"application\/ld+json\" class=\"yoast-schema-graph\">{\"@context\":\"https:\/\/schema.org\",\"@graph\":[{\"@type\":\"WebPage\",\"@id\":\"https:\/\/imageaccess.de\/distributor-search\/\",\"url\":\"https:\/\/imageaccess.de\/distributor-search\/\",\"name\":\"Distributor Search \u2013 Authorized Partners | Image Access\",\"isPartOf\":{\"@id\":\"https:\/\/imageaccess.de\/en\/#website\"},\"datePublished\":\"2024-07-23T09:56:58+00:00\",\"dateModified\":\"2025-12-11T12:22:57+00:00\",\"description\":\"Use our global distributor search to locate authorized dealers and representatives for Image Access products near you.\",\"breadcrumb\":{\"@id\":\"https:\/\/imageaccess.de\/distributor-search\/#breadcrumb\"},\"inLanguage\":\"de\",\"potentialAction\":[{\"@type\":\"ReadAction\",\"target\":[\"https:\/\/imageaccess.de\/distributor-search\/\"]}]},{\"@type\":\"BreadcrumbList\",\"@id\":\"https:\/\/imageaccess.de\/distributor-search\/#breadcrumb\",\"itemListElement\":[{\"@type\":\"ListItem\",\"position\":1,\"name\":\"Home\",\"item\":\"https:\/\/imageaccess.de\/en\/\"},{\"@type\":\"ListItem\",\"position\":2,\"name\":\"Search for Distributor\"}]},{\"@type\":\"WebSite\",\"@id\":\"https:\/\/imageaccess.de\/en\/#website\",\"url\":\"https:\/\/imageaccess.de\/en\/\",\"name\":\"Image Access GmbH\",\"description\":\"\",\"publisher\":{\"@id\":\"https:\/\/imageaccess.de\/en\/#organization\"},\"alternateName\":\"Image Access\",\"potentialAction\":[{\"@type\":\"SearchAction\",\"target\":{\"@type\":\"EntryPoint\",\"urlTemplate\":\"https:\/\/imageaccess.de\/en\/?s={search_term_string}\"},\"query-input\":{\"@type\":\"PropertyValueSpecification\",\"valueRequired\":true,\"valueName\":\"search_term_string\"}}],\"inLanguage\":\"de\"},{\"@type\":\"Organization\",\"@id\":\"https:\/\/imageaccess.de\/en\/#organization\",\"name\":\"Image Access GmbH\",\"url\":\"https:\/\/imageaccess.de\/en\/\",\"logo\":{\"@type\":\"ImageObject\",\"inLanguage\":\"de\",\"@id\":\"https:\/\/imageaccess.de\/en\/#\/schema\/logo\/image\/\",\"url\":\"https:\/\/imageaccess.de\/wp-content\/uploads\/Logo_ImageAccess.png\",\"contentUrl\":\"https:\/\/imageaccess.de\/wp-content\/uploads\/Logo_ImageAccess.png\",\"width\":108,\"height\":59,\"caption\":\"Image Access GmbH\"},\"image\":{\"@id\":\"https:\/\/imageaccess.de\/en\/#\/schema\/logo\/image\/\"},\"sameAs\":[\"https:\/\/www.facebook.com\/ImageAccessScanners\/\",\"https:\/\/www.linkedin.com\/company\/image-access-gmbh\/\",\"https:\/\/www.youtube.com\/user\/ImageAccessScanners\/videos\"]}]}<\/script>\n<!-- \/ Yoast SEO Premium plugin. -->","yoast_head_json":{"title":"H\u00e4ndlersuche \u2013 Autorisierte Vertriebspartner | Image Access","description":"Nutzen Sie unsere globale H\u00e4ndlersuche, um autorisierte Vertriebspartner und Repr\u00e4sentanten von Image Access-Produkten in Ihrer N\u00e4he zu finden.","robots":{"index":"index","follow":"follow","max-snippet":"max-snippet:-1","max-image-preview":"max-image-preview:large","max-video-preview":"max-video-preview:-1"},"canonical":"https:\/\/imageaccess.de\/de\/distributor-search\/","og_locale":"de_DE","og_type":"article","og_title":"Search for Distributor","og_description":"Use our global distributor search to locate authorized dealers and representatives for Image Access products near you.","og_url":"https:\/\/imageaccess.de\/de\/distributor-search\/","og_site_name":"Image Access GmbH","article_publisher":"https:\/\/www.facebook.com\/ImageAccessScanners\/","article_modified_time":"2025-12-11T12:22:57+00:00","og_image":[{"width":108,"height":59,"url":"https:\/\/imageaccess.de\/wp-content\/uploads\/Logo_ImageAccess.png","type":"image\/png"}],"twitter_card":"summary_large_image","twitter_misc":{"Gesch\u00e4tzte Lesezeit":"1\u00a0Minute"},"schema":{"@context":"https:\/\/schema.org","@graph":[{"@type":"WebPage","@id":"https:\/\/imageaccess.de\/distributor-search\/","url":"https:\/\/imageaccess.de\/distributor-search\/","name":"H\u00e4ndlersuche \u2013 Autorisierte Vertriebspartner | Image Access","isPartOf":{"@id":"https:\/\/imageaccess.de\/en\/#website"},"datePublished":"2024-07-23T09:56:58+00:00","dateModified":"2025-12-11T12:22:57+00:00","description":"Nutzen Sie unsere globale H\u00e4ndlersuche, um autorisierte Vertriebspartner und Repr\u00e4sentanten von Image Access-Produkten in Ihrer N\u00e4he zu finden.","breadcrumb":{"@id":"https:\/\/imageaccess.de\/distributor-search\/#breadcrumb"},"inLanguage":"de","potentialAction":[{"@type":"ReadAction","target":["https:\/\/imageaccess.de\/distributor-search\/"]}]},{"@type":"BreadcrumbList","@id":"https:\/\/imageaccess.de\/distributor-search\/#breadcrumb","itemListElement":[{"@type":"ListItem","position":1,"name":"Home","item":"https:\/\/imageaccess.de\/en\/"},{"@type":"ListItem","position":2,"name":"Search for Distributor"}]},{"@type":"WebSite","@id":"https:\/\/imageaccess.de\/en\/#website","url":"https:\/\/imageaccess.de\/en\/","name":"Image Access GmbH","description":"","publisher":{"@id":"https:\/\/imageaccess.de\/en\/#organization"},"alternateName":"Image Access","potentialAction":[{"@type":"SearchAction","target":{"@type":"EntryPoint","urlTemplate":"https:\/\/imageaccess.de\/en\/?s={search_term_string}"},"query-input":{"@type":"PropertyValueSpecification","valueRequired":true,"valueName":"search_term_string"}}],"inLanguage":"de"},{"@type":"Organization","@id":"https:\/\/imageaccess.de\/en\/#organization","name":"Image Access GmbH","url":"https:\/\/imageaccess.de\/en\/","logo":{"@type":"ImageObject","inLanguage":"de","@id":"https:\/\/imageaccess.de\/en\/#\/schema\/logo\/image\/","url":"https:\/\/imageaccess.de\/wp-content\/uploads\/Logo_ImageAccess.png","contentUrl":"https:\/\/imageaccess.de\/wp-content\/uploads\/Logo_ImageAccess.png","width":108,"height":59,"caption":"Image Access GmbH"},"image":{"@id":"https:\/\/imageaccess.de\/en\/#\/schema\/logo\/image\/"},"sameAs":["https:\/\/www.facebook.com\/ImageAccessScanners\/","https:\/\/www.linkedin.com\/company\/image-access-gmbh\/","https:\/\/www.youtube.com\/user\/ImageAccessScanners\/videos"]}]}},"_links":{"self":[{"href":"https:\/\/imageaccess.de\/de\/wp-json\/wp\/v2\/pages\/11788","targetHints":{"allow":["GET"]}}],"collection":[{"href":"https:\/\/imageaccess.de\/de\/wp-json\/wp\/v2\/pages"}],"about":[{"href":"https:\/\/imageaccess.de\/de\/wp-json\/wp\/v2\/types\/page"}],"author":[{"embeddable":true,"href":"https:\/\/imageaccess.de\/de\/wp-json\/wp\/v2\/users\/2"}],"replies":[{"embeddable":true,"href":"https:\/\/imageaccess.de\/de\/wp-json\/wp\/v2\/comments?post=11788"}],"version-history":[{"count":0,"href":"https:\/\/imageaccess.de\/de\/wp-json\/wp\/v2\/pages\/11788\/revisions"}],"wp:attachment":[{"href":"https:\/\/imageaccess.de\/de\/wp-json\/wp\/v2\/media?parent=11788"}],"wp:term":[{"taxonomy":"dipi_cpt_category","embeddable":true,"href":"https:\/\/imageaccess.de\/de\/wp-json\/wp\/v2\/dipi_cpt_category?post=11788"}],"curies":[{"name":"wp","href":"https:\/\/api.w.org\/{rel}","templated":true}]}}