{"id":12986,"date":"2024-09-18T11:27:16","date_gmt":"2024-09-18T11:27:16","guid":{"rendered":"https:\/\/imageaccess.de\/?page_id=12986"},"modified":"2026-03-11T10:16:38","modified_gmt":"2026-03-11T10:16:38","slug":"job-vacancies","status":"publish","type":"page","link":"https:\/\/imageaccess.de\/de\/job-vacancies\/","title":{"rendered":"Stellenangebote"},"content":{"rendered":"<p>[et_pb_section fb_built=&#8221;1&#8243; admin_label=&#8221;Breadcrumbs Section&#8221; _builder_version=&#8221;4.24.0&#8243; _module_preset=&#8221;default&#8221; background_color=&#8221;#F6F6F6&#8243; custom_padding=&#8221;0px||0px||true|false&#8221; sticky_position=&#8221;top&#8221; locked=&#8221;off&#8221; global_colors_info=&#8221;{}&#8221;][et_pb_row _builder_version=&#8221;4.24.0&#8243; _module_preset=&#8221;43d83f0e-1966-4487-8381-e55f4dcac5ed&#8221; global_colors_info=&#8221;{}&#8221;][et_pb_column type=&#8221;4_4&#8243; _builder_version=&#8221;4.24.0&#8243; _module_preset=&#8221;default&#8221; global_colors_info=&#8221;{}&#8221;][dipi_breadcrumbs bc_custom_home=&#8221;on&#8221; bc_home_text=&#8221;Home&#8221; bc_home_url=&#8221;https:\/\/imageaccess.de\/&#8221; bc_separator_icon=&#8221;&#x39;||divi||400&#8243; _builder_version=&#8221;4.27.4&#8243; _module_preset=&#8221;default&#8221; locked=&#8221;off&#8221; global_colors_info=&#8221;{}&#8221;][\/dipi_breadcrumbs][\/et_pb_column][\/et_pb_row][\/et_pb_section][et_pb_section fb_built=&#8221;1&#8243; _builder_version=&#8221;4.27.0&#8243; _module_preset=&#8221;default&#8221; locked=&#8221;off&#8221; global_colors_info=&#8221;{}&#8221;][et_pb_row _builder_version=&#8221;4.27.0&#8243; _module_preset=&#8221;default&#8221; global_colors_info=&#8221;{}&#8221;][et_pb_column type=&#8221;4_4&#8243; _builder_version=&#8221;4.27.0&#8243; _module_preset=&#8221;default&#8221; global_colors_info=&#8221;{}&#8221;][et_pb_blurb title=&#8221;Join Image Access and be part of our success story&#8221; _builder_version=&#8221;4.27.0&#8243; _module_preset=&#8221;517e17ef-5f04-43ef-bec4-4bc5653f735c&#8221; custom_margin=&#8221;||||false|false&#8221; custom_padding=&#8221;0px||||false|false&#8221; global_colors_info=&#8221;{}&#8221;]<\/p>\n<p>Image Access is the market leader in the development and distribution of innovative large format scanners as overhead scanners, continuous scanners and flatbed scanners.<\/p>\n<p>The products consist of sophisticated mechanical and optical designs, as well as highly specialized electronics. Research, development and production at the Wuppertal site for 30 years with about 80 motivated employees guarantees quality and reliability &#8220;Made in Germany&#8221;. The worldwide distribution of the products to more than 80 countries is primarily done by distributors and the subsidiary company Image Access LP in Nashville \/ USA.<\/p>\n<p>Due to the sustained strong growth at both company locations, Wuppertal and Nashville, we are constantly looking for new motivated and competent employees. If you cannot find a suitable job offer here, please feel free to apply <a href=\"mailto:job@imageaccess.de\">directly<\/a>.<\/p>\n<p>[\/et_pb_blurb][\/et_pb_column][\/et_pb_row][\/et_pb_section][et_pb_section fb_built=&#8221;1&#8243; _builder_version=&#8221;4.27.0&#8243; _module_preset=&#8221;default&#8221; custom_padding=&#8221;0px||0px||true|false&#8221; global_colors_info=&#8221;{}&#8221;][et_pb_row _builder_version=&#8221;4.27.0&#8243; _module_preset=&#8221;default&#8221; global_colors_info=&#8221;{}&#8221;][et_pb_column type=&#8221;4_4&#8243; _builder_version=&#8221;4.27.0&#8243; _module_preset=&#8221;default&#8221; global_colors_info=&#8221;{}&#8221;][et_pb_blurb title=&#8221;Image Access LP&#8221; _builder_version=&#8221;4.27.0&#8243; _module_preset=&#8221;517e17ef-5f04-43ef-bec4-4bc5653f735c&#8221; global_colors_info=&#8221;{}&#8221;][\/et_pb_blurb][et_pb_blurb content_max_width=&#8221;100%&#8221; _builder_version=&#8221;4.27.0&#8243; _module_preset=&#8221;default&#8221; global_colors_info=&#8221;{}&#8221;]<\/p>\n<p>There are currently no vacancies available for this location.<\/p>\n<p>[\/et_pb_blurb][\/et_pb_column][\/et_pb_row][\/et_pb_section][et_pb_section fb_built=&#8221;1&#8243; _builder_version=&#8221;4.27.0&#8243; _module_preset=&#8221;default&#8221; locked=&#8221;off&#8221; global_colors_info=&#8221;{}&#8221;][et_pb_row _builder_version=&#8221;4.27.0&#8243; _module_preset=&#8221;default&#8221; global_colors_info=&#8221;{}&#8221;][et_pb_column type=&#8221;4_4&#8243; _builder_version=&#8221;4.27.0&#8243; _module_preset=&#8221;default&#8221; global_colors_info=&#8221;{}&#8221;][et_pb_blurb title=&#8221;Image Access GmbH&#8221; _builder_version=&#8221;4.27.0&#8243; _module_preset=&#8221;517e17ef-5f04-43ef-bec4-4bc5653f735c&#8221; custom_margin=&#8221;||||false|false&#8221; custom_padding=&#8221;0px||||false|false&#8221; global_colors_info=&#8221;{}&#8221;][\/et_pb_blurb][et_pb_blurb content_max_width=&#8221;100%&#8221; disabled_on=&#8221;on|on|on&#8221; _builder_version=&#8221;4.27.0&#8243; _module_preset=&#8221;default&#8221; disabled=&#8221;on&#8221; global_colors_info=&#8221;{}&#8221;]<\/p>\n<p>Aktuell sind keine Stellenanzeigen f\u00fcr diesen Standort verf\u00fcgbar.<\/p>\n<p>[\/et_pb_blurb][et_pb_blurb title=&#8221;Vertriebsingenieur \/ Vertriebsspezialist Machine Vision Systems (m\/w\/d)&#8221; url=&#8221;https:\/\/www.rhein-ruhr-jobanzeiger.de\/job\/imageaccess\/vertriebsingenieur-vertriebsspezialist-machine-vision-systems-mwd-wuppertal&#8212;28671612\/&#8221; url_new_window=&#8221;on&#8221; content_max_width=&#8221;100%&#8221; _builder_version=&#8221;4.27.4&#8243; _module_preset=&#8221;default&#8221; header_level=&#8221;h3&#8243; width=&#8221;100%&#8221; max_width=&#8221;100%&#8221; module_alignment=&#8221;center&#8221; link_option_url=&#8221; https:\/\/www.rhein-ruhr-jobanzeiger.de\/job\/imageaccess\/vertriebsingenieur-vertriebsspezialist-machine-vision-systems-mwd-wuppertal&#8212;28671612\/&#8221; link_option_url_new_window=&#8221;on&#8221; global_colors_info=&#8221;{}&#8221;]<\/p>\n<p>Zur Verst\u00e4rkung unseres Vertriebsteams suchen wir einen engagierten\u00a0<strong>Vertriebsingenieur (m\/w\/d) <\/strong>oder einen entsprechenden\u00a0<strong>Vertriebsspezialisten (m\/w\/d) <\/strong>mit ausgepr\u00e4gter Verk\u00e4ufermentalit\u00e4t und fundiertem technischem Verst\u00e4ndnis. In dieser Position sind Sie eigenverantwortlich f\u00fcr die <strong>aktive Neukundengewinnung im Deutschen und europ\u00e4ischen Markt <\/strong>zust\u00e4ndig und begleiten Ihre Kunden von der ersten Kontaktaufnahme bis zur erfolgreichen Projektumsetzung.<\/p>\n<p>[\/et_pb_blurb][et_pb_blurb url=&#8221;https:\/\/www.rhein-ruhr-jobanzeiger.de\/job\/imageaccess\/vertriebsingenieur-vertriebsspezialist-machine-vision-systems-mwd-wuppertal&#8212;28671612\/&#8221; url_new_window=&#8221;on&#8221; content_max_width=&#8221;100%&#8221; disabled_on=&#8221;off|off|off&#8221; _builder_version=&#8221;4.27.4&#8243; _module_preset=&#8221;default&#8221; link_option_url=&#8221; https:\/\/www.rhein-ruhr-jobanzeiger.de\/job\/imageaccess\/vertriebsingenieur-vertriebsspezialist-machine-vision-systems-mwd-wuppertal&#8212;28671612\/&#8221; link_option_url_new_window=&#8221;on&#8221; locked=&#8221;off&#8221; global_colors_info=&#8221;{}&#8221;]<\/p>\n<p>Jetzt bewerben und Teil unseres Teams werden \u2013<span style=\"text-decoration: underline;\"> hier geht&#8217;s zur Stellenanzeige!<\/span><\/p>\n<p>[\/et_pb_blurb][\/et_pb_column][\/et_pb_row][et_pb_row _builder_version=&#8221;4.27.0&#8243; _module_preset=&#8221;default&#8221; global_colors_info=&#8221;{}&#8221;][et_pb_column type=&#8221;4_4&#8243; _builder_version=&#8221;4.27.0&#8243; _module_preset=&#8221;default&#8221; global_colors_info=&#8221;{}&#8221;][et_pb_blurb content_max_width=&#8221;100%&#8221; disabled_on=&#8221;on|on|on&#8221; _builder_version=&#8221;4.27.0&#8243; _module_preset=&#8221;default&#8221; disabled=&#8221;on&#8221; global_colors_info=&#8221;{}&#8221;]<\/p>\n<p>Aktuell sind keine Stellenanzeigen f\u00fcr diesen Standort verf\u00fcgbar.<\/p>\n<p>[\/et_pb_blurb][et_pb_blurb title=&#8221;Mitarbeiter*in \/ Monteur*in (m\/w\/d) Produktion \/ Montage Gro\u00dfformatscanner&#8221; url=&#8221;https:\/\/www.rhein-ruhr-jobanzeiger.de\/job\/imageaccess\/vertriebsingenieur-vertriebsspezialist-machine-vision-systems-mwd-wuppertal&#8212;28671612\/&#8221; url_new_window=&#8221;on&#8221; content_max_width=&#8221;100%&#8221; _builder_version=&#8221;4.27.4&#8243; _module_preset=&#8221;default&#8221; header_level=&#8221;h3&#8243; width=&#8221;100%&#8221; max_width=&#8221;100%&#8221; module_alignment=&#8221;center&#8221; link_option_url=&#8221; https:\/\/www.rhein-ruhr-jobanzeiger.de\/job\/imageaccess\/vertriebsingenieur-vertriebsspezialist-machine-vision-systems-mwd-wuppertal&#8212;28671612\/&#8221; link_option_url_new_window=&#8221;on&#8221; hover_enabled=&#8221;0&#8243; global_colors_info=&#8221;{}&#8221; sticky_enabled=&#8221;0&#8243;]<\/p>\n<p>Zur Verst\u00e4rkung unserer wachsenden Produktionsabteilung, am Hauptsitz in Wuppertal, suchen wir zum n\u00e4chstm\u00f6glichen Zeitpunkt in Vollzeit und unbefristet mehrere<\/p>\n<p><span>Mitarbeiter*innen \/ Monteur*innen (m\/w\/d) Produktion \/ Montage Gro\u00dfformatscanner<\/span><\/p>\n<p>[\/et_pb_blurb][et_pb_blurb url=&#8221;https:\/\/www.rhein-ruhr-jobanzeiger.de\/job\/imageaccess\/mitarbeiterin-monteurin-mwd-produktion-montage-groformatscanner-wuppertal&#8212;28789822\/&#8221; url_new_window=&#8221;on&#8221; content_max_width=&#8221;100%&#8221; disabled_on=&#8221;off|off|off&#8221; _builder_version=&#8221;4.27.4&#8243; _module_preset=&#8221;default&#8221; link_option_url=&#8221;https:\/\/www.rhein-ruhr-jobanzeiger.de\/job\/imageaccess\/mitarbeiterin-monteurin-mwd-produktion-montage-groformatscanner-wuppertal&#8212;28789822\/&#8221; link_option_url_new_window=&#8221;on&#8221; hover_enabled=&#8221;0&#8243; locked=&#8221;off&#8221; global_colors_info=&#8221;{}&#8221; sticky_enabled=&#8221;0&#8243;]<\/p>\n<p>Jetzt bewerben und Teil unseres Teams werden \u2013<span style=\"text-decoration: underline;\"> hier geht&#8217;s zur Stellenanzeige!<\/span><\/p>\n<p>[\/et_pb_blurb][\/et_pb_column][\/et_pb_row][\/et_pb_section]<\/p>\n","protected":false},"excerpt":{"rendered":"<p><div class=\"et_pb_module dipi_breadcrumbs dipi_breadcrumbs_0\">\n\t\t\t\t\n\t\t\t\t\n\t\t\t\t\n\t\t\t\t\n\t\t\t\t\n\t\t\t\t\n\t\t\t\t<div class=\"et_pb_module_inner\">\n\t\t\t\t\t<div class=\"dipi-breadcrumbs dipi-bc-left\">\n                <ul >\n                    \n                                                        <li  class=\"dipi-breadcrumb-item dipi-breadcrumb-home\">\n\n                        \n                            <a  href=\"https:\/\/imageaccess.de\/\">\n                                <span  content=\"Home\">\n                                                                        Home                                <\/span>\n                            <\/a>\n\n                                                <meta itemprop=\"position\" content=\"1\"\/>                    <\/li>\n\n                    <li class=\"dipi-breadcrumb-separator\">\n                    <span class=\"et-pb-icon dipi-separator-icon\">&#x39;<\/span>\n                <\/li>                            \n                <\/ul>\n            <\/div>\n\t\t\t\t<\/div>\n\t\t\t<\/div>Image Access is the market leader in the development and distribution of innovative large format scanners as overhead scanners, continuous scanners and flatbed scanners. The products consist of sophisticated mechanical and optical designs, as well as highly specialized electronics. Research, development and production at the Wuppertal site [&hellip;]<\/p>\n","protected":false},"author":2,"featured_media":0,"parent":0,"menu_order":0,"comment_status":"closed","ping_status":"closed","template":"","meta":{"_et_pb_use_builder":"on","_et_pb_old_content":"","_et_gb_content_width":"","footnotes":""},"dipi_cpt_category":[68,72,66,70],"class_list":["post-12986","page","type-page","status-publish","hentry","dipi_cpt_category-draft","dipi_cpt_category-published","dipi_cpt_category-review","dipi_cpt_category-reviewed"],"yoast_head":"<!-- This site is optimized with the Yoast SEO Premium plugin v27.2 (Yoast SEO v27.2) - https:\/\/yoast.com\/product\/yoast-seo-premium-wordpress\/ -->\n<title>Careers \u2013 Jobs &amp; Opportunities | Image Access<\/title>\n<meta name=\"description\" content=\"Join Image Access and become part of our team \u2014 we seek motivated, competent employees for our growing company.\" \/>\n<meta name=\"robots\" content=\"index, follow, max-snippet:-1, max-image-preview:large, max-video-preview:-1\" \/>\n<link rel=\"canonical\" href=\"https:\/\/imageaccess.de\/de\/job-vacancies\/\" \/>\n<meta property=\"og:locale\" content=\"de_DE\" \/>\n<meta property=\"og:type\" content=\"article\" \/>\n<meta property=\"og:title\" content=\"Job Vacancies\" \/>\n<meta property=\"og:description\" content=\"Join Image Access and become part of our team \u2014 we seek motivated, competent employees for our growing company.\" \/>\n<meta property=\"og:url\" content=\"https:\/\/imageaccess.de\/de\/job-vacancies\/\" \/>\n<meta property=\"og:site_name\" content=\"Image Access GmbH\" \/>\n<meta property=\"article:publisher\" content=\"https:\/\/www.facebook.com\/ImageAccessScanners\/\" \/>\n<meta property=\"article:modified_time\" content=\"2026-03-11T10:16:38+00:00\" \/>\n<meta property=\"og:image\" content=\"https:\/\/imageaccess.de\/wp-content\/uploads\/Logo_ImageAccess.png\" \/>\n\t<meta property=\"og:image:width\" content=\"108\" \/>\n\t<meta property=\"og:image:height\" content=\"59\" \/>\n\t<meta property=\"og:image:type\" content=\"image\/png\" \/>\n<meta name=\"twitter:card\" content=\"summary_large_image\" \/>\n<meta name=\"twitter:label1\" content=\"Gesch\u00e4tzte Lesezeit\" \/>\n\t<meta name=\"twitter:data1\" content=\"1\u00a0Minute\" \/>\n<script type=\"application\/ld+json\" class=\"yoast-schema-graph\">{\"@context\":\"https:\/\/schema.org\",\"@graph\":[{\"@type\":\"WebPage\",\"@id\":\"https:\/\/imageaccess.de\/en\/job-vacancies\/\",\"url\":\"https:\/\/imageaccess.de\/en\/job-vacancies\/\",\"name\":\"Careers \u2013 Jobs & Opportunities | Image Access\",\"isPartOf\":{\"@id\":\"https:\/\/imageaccess.de\/en\/#website\"},\"datePublished\":\"2024-09-18T11:27:16+00:00\",\"dateModified\":\"2026-03-11T10:16:38+00:00\",\"description\":\"Join Image Access and become part of our team \u2014 we seek motivated, competent employees for our growing company.\",\"breadcrumb\":{\"@id\":\"https:\/\/imageaccess.de\/en\/job-vacancies\/#breadcrumb\"},\"inLanguage\":\"de\",\"potentialAction\":[{\"@type\":\"ReadAction\",\"target\":[\"https:\/\/imageaccess.de\/en\/job-vacancies\/\"]}]},{\"@type\":\"BreadcrumbList\",\"@id\":\"https:\/\/imageaccess.de\/en\/job-vacancies\/#breadcrumb\",\"itemListElement\":[{\"@type\":\"ListItem\",\"position\":1,\"name\":\"Home\",\"item\":\"https:\/\/imageaccess.de\/en\/\"},{\"@type\":\"ListItem\",\"position\":2,\"name\":\"Job Vacancies\"}]},{\"@type\":\"WebSite\",\"@id\":\"https:\/\/imageaccess.de\/en\/#website\",\"url\":\"https:\/\/imageaccess.de\/en\/\",\"name\":\"Image Access GmbH\",\"description\":\"\",\"publisher\":{\"@id\":\"https:\/\/imageaccess.de\/en\/#organization\"},\"alternateName\":\"Image Access\",\"potentialAction\":[{\"@type\":\"SearchAction\",\"target\":{\"@type\":\"EntryPoint\",\"urlTemplate\":\"https:\/\/imageaccess.de\/en\/?s={search_term_string}\"},\"query-input\":{\"@type\":\"PropertyValueSpecification\",\"valueRequired\":true,\"valueName\":\"search_term_string\"}}],\"inLanguage\":\"de\"},{\"@type\":\"Organization\",\"@id\":\"https:\/\/imageaccess.de\/en\/#organization\",\"name\":\"Image Access GmbH\",\"url\":\"https:\/\/imageaccess.de\/en\/\",\"logo\":{\"@type\":\"ImageObject\",\"inLanguage\":\"de\",\"@id\":\"https:\/\/imageaccess.de\/en\/#\/schema\/logo\/image\/\",\"url\":\"https:\/\/imageaccess.de\/wp-content\/uploads\/Logo_ImageAccess.png\",\"contentUrl\":\"https:\/\/imageaccess.de\/wp-content\/uploads\/Logo_ImageAccess.png\",\"width\":108,\"height\":59,\"caption\":\"Image Access GmbH\"},\"image\":{\"@id\":\"https:\/\/imageaccess.de\/en\/#\/schema\/logo\/image\/\"},\"sameAs\":[\"https:\/\/www.facebook.com\/ImageAccessScanners\/\",\"https:\/\/www.linkedin.com\/company\/image-access-gmbh\/\",\"https:\/\/www.youtube.com\/user\/ImageAccessScanners\/videos\"]}]}<\/script>\n<!-- \/ Yoast SEO Premium plugin. -->","yoast_head_json":{"title":"Karriere \u2013 Jobs &amp; Einstieg | Image Access","description":"Werden Sie Teil von Image Access \u2013 wir suchen motivierte, kompetente Mitarbeiter f\u00fcr unser wachsendes Unternehmen.","robots":{"index":"index","follow":"follow","max-snippet":"max-snippet:-1","max-image-preview":"max-image-preview:large","max-video-preview":"max-video-preview:-1"},"canonical":"https:\/\/imageaccess.de\/de\/job-vacancies\/","og_locale":"de_DE","og_type":"article","og_title":"Job Vacancies","og_description":"Join Image Access and become part of our team \u2014 we seek motivated, competent employees for our growing company.","og_url":"https:\/\/imageaccess.de\/de\/job-vacancies\/","og_site_name":"Image Access GmbH","article_publisher":"https:\/\/www.facebook.com\/ImageAccessScanners\/","article_modified_time":"2026-03-11T10:16:38+00:00","og_image":[{"width":108,"height":59,"url":"https:\/\/imageaccess.de\/wp-content\/uploads\/Logo_ImageAccess.png","type":"image\/png"}],"twitter_card":"summary_large_image","twitter_misc":{"Gesch\u00e4tzte Lesezeit":"1\u00a0Minute"},"schema":{"@context":"https:\/\/schema.org","@graph":[{"@type":"WebPage","@id":"https:\/\/imageaccess.de\/en\/job-vacancies\/","url":"https:\/\/imageaccess.de\/en\/job-vacancies\/","name":"Karriere \u2013 Jobs &amp; Einstieg | Image Access","isPartOf":{"@id":"https:\/\/imageaccess.de\/en\/#website"},"datePublished":"2024-09-18T11:27:16+00:00","dateModified":"2026-03-11T10:16:38+00:00","description":"Werden Sie Teil von Image Access \u2013 wir suchen motivierte, kompetente Mitarbeiter f\u00fcr unser wachsendes Unternehmen.","breadcrumb":{"@id":"https:\/\/imageaccess.de\/en\/job-vacancies\/#breadcrumb"},"inLanguage":"de","potentialAction":[{"@type":"ReadAction","target":["https:\/\/imageaccess.de\/en\/job-vacancies\/"]}]},{"@type":"BreadcrumbList","@id":"https:\/\/imageaccess.de\/en\/job-vacancies\/#breadcrumb","itemListElement":[{"@type":"ListItem","position":1,"name":"Home","item":"https:\/\/imageaccess.de\/en\/"},{"@type":"ListItem","position":2,"name":"Job Vacancies"}]},{"@type":"WebSite","@id":"https:\/\/imageaccess.de\/en\/#website","url":"https:\/\/imageaccess.de\/en\/","name":"Image Access GmbH","description":"","publisher":{"@id":"https:\/\/imageaccess.de\/en\/#organization"},"alternateName":"Image Access","potentialAction":[{"@type":"SearchAction","target":{"@type":"EntryPoint","urlTemplate":"https:\/\/imageaccess.de\/en\/?s={search_term_string}"},"query-input":{"@type":"PropertyValueSpecification","valueRequired":true,"valueName":"search_term_string"}}],"inLanguage":"de"},{"@type":"Organization","@id":"https:\/\/imageaccess.de\/en\/#organization","name":"Image Access GmbH","url":"https:\/\/imageaccess.de\/en\/","logo":{"@type":"ImageObject","inLanguage":"de","@id":"https:\/\/imageaccess.de\/en\/#\/schema\/logo\/image\/","url":"https:\/\/imageaccess.de\/wp-content\/uploads\/Logo_ImageAccess.png","contentUrl":"https:\/\/imageaccess.de\/wp-content\/uploads\/Logo_ImageAccess.png","width":108,"height":59,"caption":"Image Access GmbH"},"image":{"@id":"https:\/\/imageaccess.de\/en\/#\/schema\/logo\/image\/"},"sameAs":["https:\/\/www.facebook.com\/ImageAccessScanners\/","https:\/\/www.linkedin.com\/company\/image-access-gmbh\/","https:\/\/www.youtube.com\/user\/ImageAccessScanners\/videos"]}]}},"_links":{"self":[{"href":"https:\/\/imageaccess.de\/de\/wp-json\/wp\/v2\/pages\/12986","targetHints":{"allow":["GET"]}}],"collection":[{"href":"https:\/\/imageaccess.de\/de\/wp-json\/wp\/v2\/pages"}],"about":[{"href":"https:\/\/imageaccess.de\/de\/wp-json\/wp\/v2\/types\/page"}],"author":[{"embeddable":true,"href":"https:\/\/imageaccess.de\/de\/wp-json\/wp\/v2\/users\/2"}],"replies":[{"embeddable":true,"href":"https:\/\/imageaccess.de\/de\/wp-json\/wp\/v2\/comments?post=12986"}],"version-history":[{"count":0,"href":"https:\/\/imageaccess.de\/de\/wp-json\/wp\/v2\/pages\/12986\/revisions"}],"wp:attachment":[{"href":"https:\/\/imageaccess.de\/de\/wp-json\/wp\/v2\/media?parent=12986"}],"wp:term":[{"taxonomy":"dipi_cpt_category","embeddable":true,"href":"https:\/\/imageaccess.de\/de\/wp-json\/wp\/v2\/dipi_cpt_category?post=12986"}],"curies":[{"name":"wp","href":"https:\/\/api.w.org\/{rel}","templated":true}]}}